{"id":36572,"date":"2025-06-23T16:59:38","date_gmt":"2025-06-23T13:59:38","guid":{"rendered":"https:\/\/armarium.ee\/?page_id=36572"},"modified":"2026-03-12T12:41:35","modified_gmt":"2026-03-12T09:41:35","slug":"interior-of-a-barge","status":"publish","type":"page","link":"https:\/\/armarium.ee\/interior-of-a-barge\/","title":{"rendered":"Ainulaadse pargase interj\u00f6\u00f6r"},"content":{"rendered":"\t\t<div data-elementor-type=\"wp-page\" data-elementor-id=\"36572\" class=\"elementor elementor-36572\">\n\t\t\t\t<div class=\"elementor-element elementor-element-d8b7d5b e-flex e-con-boxed e-con e-parent\" data-id=\"d8b7d5b\" data-element_type=\"container\" data-e-type=\"container\">\n\t\t\t\t\t<div class=\"e-con-inner\">\n\t\t\t\t<div class=\"elementor-element elementor-element-e9a7a78 elementor-widget elementor-widget-heading\" data-id=\"e9a7a78\" data-element_type=\"widget\" data-e-type=\"widget\" data-settings=\"{&quot;ekit_we_effect_on&quot;:&quot;none&quot;}\" data-widget_type=\"heading.default\">\n\t\t\t\t<div class=\"elementor-widget-container\">\n\t\t\t\t\t<h2 class=\"elementor-heading-title elementor-size-default\">Ainulaadse pargase interj\u00f6\u00f6r<\/h2>\t\t\t\t<\/div>\n\t\t\t\t<\/div>\n\t\t\t\t\t<\/div>\n\t\t\t\t<\/div>\n\t\t<div class=\"elementor-element elementor-element-716f6f1 e-flex e-con-boxed e-con e-parent\" data-id=\"716f6f1\" data-element_type=\"container\" data-e-type=\"container\">\n\t\t\t\t\t<div class=\"e-con-inner\">\n\t\t\t\t<div class=\"elementor-element elementor-element-f741c2f elementor-widget elementor-widget-text-editor\" data-id=\"f741c2f\" data-element_type=\"widget\" data-e-type=\"widget\" data-settings=\"{&quot;ekit_we_effect_on&quot;:&quot;none&quot;}\" data-widget_type=\"text-editor.default\">\n\t\t\t\t<div class=\"elementor-widget-container\">\n\t\t\t\t\t\t\t\t\t<p data-start=\"0\" data-end=\"164\">Meie pikaajalise partneri <strong data-start=\"26\" data-end=\"40\">BLRT Grupi<\/strong> t\u00fctarettev\u00f5te ehitas ainulaadse pargase kalakasvatuseks, mis on varustatud k\u00f5rgtehnoloogilise h\u00fcbriidse s\u00f6\u00f6dass\u00fcsteemiga.<\/p><p data-start=\"166\" data-end=\"413\"><strong data-start=\"166\" data-end=\"179\">Meie roll<\/strong> selles projektis oli olla allt\u00f6\u00f6v\u00f5tjaks elamis- ja t\u00f6\u00f6ruumide ehitusel ja sisustamisel \u2013 alates sanitaartehnika \u00fchendamisest ja spetsiaalsete sandwich-paneelide paigaldusest kuni pehme- ja korpusm\u00f6\u00f6bli valmistamise ja paigalduseni.<\/p><p data-start=\"415\" data-end=\"623\">Kajutite, puhkeala ja j\u00f5usaali m\u00f6\u00f6bel valmistati <strong data-start=\"464\" data-end=\"505\">tellija individuaalse projekti alusel<\/strong>. Meie \u00fclesandeks oli valida sobivad materjalid, koostada tehnoloogilised joonised ning need kvaliteetselt teostada.<\/p><p data-start=\"625\" data-end=\"668\" data-is-last-node=\"\" data-is-only-node=\"\"><strong data-start=\"625\" data-end=\"637\">Tulemus?<\/strong> Saime k\u00f5igega edukalt hakkama.<\/p>\t\t\t\t\t\t\t\t<\/div>\n\t\t\t\t<\/div>\n\t\t\t\t\t<\/div>\n\t\t\t\t<\/div>\n\t\t<div class=\"elementor-element elementor-element-69bfbdf e-con-full e-flex e-con e-parent\" data-id=\"69bfbdf\" data-element_type=\"container\" data-e-type=\"container\" data-settings=\"{&quot;background_background&quot;:&quot;classic&quot;}\">\n\t\t<div class=\"elementor-element elementor-element-e75b7b7 e-con-full e-flex e-con e-child\" data-id=\"e75b7b7\" data-element_type=\"container\" data-e-type=\"container\">\n\t\t\t\t<div class=\"elementor-element elementor-element-4027c39 white-gradient-carousel animated-fast elementor-pagination-position-outside elementor-invisible elementor-widget elementor-widget-image-carousel\" data-id=\"4027c39\" data-element_type=\"widget\" data-e-type=\"widget\" data-settings=\"{&quot;slides_to_show&quot;:&quot;3&quot;,&quot;navigation&quot;:&quot;dots&quot;,&quot;image_spacing_custom&quot;:{&quot;unit&quot;:&quot;px&quot;,&quot;size&quot;:100,&quot;sizes&quot;:[]},&quot;slides_to_show_tablet&quot;:&quot;2&quot;,&quot;image_spacing_custom_tablet&quot;:{&quot;unit&quot;:&quot;px&quot;,&quot;size&quot;:30,&quot;sizes&quot;:[]},&quot;_animation&quot;:&quot;fadeIn&quot;,&quot;_animation_delay&quot;:100,&quot;autoplay&quot;:&quot;yes&quot;,&quot;pause_on_hover&quot;:&quot;yes&quot;,&quot;pause_on_interaction&quot;:&quot;yes&quot;,&quot;autoplay_speed&quot;:5000,&quot;infinite&quot;:&quot;yes&quot;,&quot;speed&quot;:500,&quot;image_spacing_custom_mobile&quot;:{&quot;unit&quot;:&quot;px&quot;,&quot;size&quot;:&quot;&quot;,&quot;sizes&quot;:[]},&quot;ekit_we_effect_on&quot;:&quot;none&quot;}\" data-widget_type=\"image-carousel.default\">\n\t\t\t\t<div class=\"elementor-widget-container\">\n\t\t\t\t\t\t\t<div class=\"elementor-image-carousel-wrapper swiper\" role=\"region\" aria-roledescription=\"carousel\" aria-label=\"Image Carousel\" dir=\"ltr\">\n\t\t\t<div class=\"elementor-image-carousel swiper-wrapper swiper-image-stretch\" aria-live=\"off\">\n\t\t\t\t\t\t\t\t<div class=\"swiper-slide\" role=\"group\" aria-roledescription=\"slide\" aria-label=\"1 of 6\"><a data-elementor-open-lightbox=\"yes\" data-elementor-lightbox-slideshow=\"4027c39\" data-elementor-lightbox-title=\"barza\" data-e-action-hash=\"#elementor-action%3Aaction%3Dlightbox%26settings%3DeyJpZCI6MzYxMTUsInVybCI6Imh0dHBzOlwvXC9hcm1hcml1bS5lZVwvd3AtY29udGVudFwvdXBsb2Fkc1wvMjAyNVwvMDZcL2JvYXRfMDQtMTAyNHg2NDAtMS5qcGciLCJzbGlkZXNob3ciOiI0MDI3YzM5In0%3D\" href=\"https:\/\/armarium.ee\/wp-content\/uploads\/2025\/06\/boat_04-1024x640-1.jpg\"><figure class=\"swiper-slide-inner\"><img decoding=\"async\" class=\"swiper-slide-image\" src=\"https:\/\/armarium.ee\/wp-content\/uploads\/2025\/06\/boat_04-1024x640-1.jpg\" alt=\"barza\" \/><\/figure><\/a><\/div><div class=\"swiper-slide\" role=\"group\" aria-roledescription=\"slide\" aria-label=\"2 of 6\"><a data-elementor-open-lightbox=\"yes\" data-elementor-lightbox-slideshow=\"4027c39\" data-elementor-lightbox-title=\"barza\" data-e-action-hash=\"#elementor-action%3Aaction%3Dlightbox%26settings%3DeyJpZCI6MzYxMTYsInVybCI6Imh0dHBzOlwvXC9hcm1hcml1bS5lZVwvd3AtY29udGVudFwvdXBsb2Fkc1wvMjAyNVwvMDZcL2JvYXRfMTUtMTAyNHg2NDAtMS5qcGciLCJzbGlkZXNob3ciOiI0MDI3YzM5In0%3D\" href=\"https:\/\/armarium.ee\/wp-content\/uploads\/2025\/06\/boat_15-1024x640-1.jpg\"><figure class=\"swiper-slide-inner\"><img decoding=\"async\" class=\"swiper-slide-image\" src=\"https:\/\/armarium.ee\/wp-content\/uploads\/2025\/06\/boat_15-1024x640-1.jpg\" alt=\"barza\" \/><\/figure><\/a><\/div><div class=\"swiper-slide\" role=\"group\" aria-roledescription=\"slide\" aria-label=\"3 of 6\"><a data-elementor-open-lightbox=\"yes\" data-elementor-lightbox-slideshow=\"4027c39\" data-elementor-lightbox-title=\"barza\" data-e-action-hash=\"#elementor-action%3Aaction%3Dlightbox%26settings%3DeyJpZCI6MzY2NzMsInVybCI6Imh0dHBzOlwvXC9hcm1hcml1bS5lZVwvd3AtY29udGVudFwvdXBsb2Fkc1wvMjAyNVwvMDZcL2JvYXRfMDctMTAyNHg2NDAtMS5qcGciLCJzbGlkZXNob3ciOiI0MDI3YzM5In0%3D\" href=\"https:\/\/armarium.ee\/wp-content\/uploads\/2025\/06\/boat_07-1024x640-1.jpg\"><figure class=\"swiper-slide-inner\"><img decoding=\"async\" class=\"swiper-slide-image\" src=\"https:\/\/armarium.ee\/wp-content\/uploads\/2025\/06\/boat_07-1024x640-1.jpg\" alt=\"barza\" \/><\/figure><\/a><\/div><div class=\"swiper-slide\" role=\"group\" aria-roledescription=\"slide\" aria-label=\"4 of 6\"><a data-elementor-open-lightbox=\"yes\" data-elementor-lightbox-slideshow=\"4027c39\" data-elementor-lightbox-title=\"barza\" data-e-action-hash=\"#elementor-action%3Aaction%3Dlightbox%26settings%3DeyJpZCI6MzY2NzQsInVybCI6Imh0dHBzOlwvXC9hcm1hcml1bS5lZVwvd3AtY29udGVudFwvdXBsb2Fkc1wvMjAyNVwvMDZcL2JvYXRfMDktMTAyNHg2NDAtMi5qcGciLCJzbGlkZXNob3ciOiI0MDI3YzM5In0%3D\" href=\"https:\/\/armarium.ee\/wp-content\/uploads\/2025\/06\/boat_09-1024x640-2.jpg\"><figure class=\"swiper-slide-inner\"><img decoding=\"async\" class=\"swiper-slide-image\" src=\"https:\/\/armarium.ee\/wp-content\/uploads\/2025\/06\/boat_09-1024x640-2.jpg\" alt=\"barza\" \/><\/figure><\/a><\/div><div class=\"swiper-slide\" role=\"group\" aria-roledescription=\"slide\" aria-label=\"5 of 6\"><a data-elementor-open-lightbox=\"yes\" data-elementor-lightbox-slideshow=\"4027c39\" data-elementor-lightbox-title=\"barza\" data-e-action-hash=\"#elementor-action%3Aaction%3Dlightbox%26settings%3DeyJpZCI6MzY2NzUsInVybCI6Imh0dHBzOlwvXC9hcm1hcml1bS5lZVwvd3AtY29udGVudFwvdXBsb2Fkc1wvMjAyNVwvMDZcL2JvYXRfMTItMTAyNHg2NDAtMS5qcGciLCJzbGlkZXNob3ciOiI0MDI3YzM5In0%3D\" href=\"https:\/\/armarium.ee\/wp-content\/uploads\/2025\/06\/boat_12-1024x640-1.jpg\"><figure class=\"swiper-slide-inner\"><img decoding=\"async\" class=\"swiper-slide-image\" src=\"https:\/\/armarium.ee\/wp-content\/uploads\/2025\/06\/boat_12-1024x640-1.jpg\" alt=\"barza\" \/><\/figure><\/a><\/div><div class=\"swiper-slide\" role=\"group\" aria-roledescription=\"slide\" aria-label=\"6 of 6\"><a data-elementor-open-lightbox=\"yes\" data-elementor-lightbox-slideshow=\"4027c39\" data-elementor-lightbox-title=\"barza\" data-e-action-hash=\"#elementor-action%3Aaction%3Dlightbox%26settings%3DeyJpZCI6MzY2NzYsInVybCI6Imh0dHBzOlwvXC9hcm1hcml1bS5lZVwvd3AtY29udGVudFwvdXBsb2Fkc1wvMjAyNVwvMDZcL2JvYXRfMTMtMTAyNHg2NDAtMS5qcGciLCJzbGlkZXNob3ciOiI0MDI3YzM5In0%3D\" href=\"https:\/\/armarium.ee\/wp-content\/uploads\/2025\/06\/boat_13-1024x640-1.jpg\"><figure class=\"swiper-slide-inner\"><img decoding=\"async\" class=\"swiper-slide-image\" src=\"https:\/\/armarium.ee\/wp-content\/uploads\/2025\/06\/boat_13-1024x640-1.jpg\" alt=\"barza\" \/><\/figure><\/a><\/div>\t\t\t<\/div>\n\t\t\t\t\t\t\t\n\t\t\t\t\t\t\t\t\t<div class=\"swiper-pagination\"><\/div>\n\t\t\t\t\t\t\t\t\t<\/div>\n\t\t\t\t\t\t<\/div>\n\t\t\t\t<\/div>\n\t\t\t\t<\/div>\n\t\t\t\t<\/div>\n\t\t<div class=\"elementor-element elementor-element-a15ca9f e-con-full e-flex e-con e-parent\" data-id=\"a15ca9f\" data-element_type=\"container\" data-e-type=\"container\" data-settings=\"{&quot;background_background&quot;:&quot;classic&quot;}\">\n\t\t<div class=\"elementor-element elementor-element-fb853af e-flex e-con-boxed e-con e-child\" data-id=\"fb853af\" data-element_type=\"container\" data-e-type=\"container\">\n\t\t\t\t\t<div class=\"e-con-inner\">\n\t\t<div class=\"elementor-element elementor-element-aed5e7e e-con-full e-flex e-con e-child\" data-id=\"aed5e7e\" data-element_type=\"container\" data-e-type=\"container\">\n\t\t\t\t<div class=\"elementor-element elementor-element-e83d977 animated-fast elementor-invisible elementor-widget elementor-widget-elementskit-heading\" data-id=\"e83d977\" data-element_type=\"widget\" data-e-type=\"widget\" data-settings=\"{&quot;_animation&quot;:&quot;fadeIn&quot;,&quot;ekit_we_effect_on&quot;:&quot;none&quot;}\" data-widget_type=\"elementskit-heading.default\">\n\t\t\t\t<div class=\"elementor-widget-container\">\n\t\t\t\t\t<div class=\"ekit-wid-con\" ><div class=\"ekit-heading elementskit-section-title-wraper text_left   ekit_heading_tablet-   ekit_heading_mobile-\"><h2 class=\"ekit-heading--title elementskit-section-title \">K\u00fcsi pakkumist<\/h2>\t\t\t\t<div class='ekit-heading__description'>\n\t\t\t\t\t<div class=\"flex max-w-full flex-col grow\">\n<div class=\"min-h-8 text-message relative flex w-full flex-col items-end gap-2 text-start break-words whitespace-normal [.text-message+&amp;]:mt-5\">\n<div class=\"flex w-full flex-col gap-1 empty:hidden first:pt-[3px]\">\n<div class=\"markdown prose dark:prose-invert w-full break-words light\">\n<p>Meie spetsialistid annavad teile n\u00f5u ja pakuvad v\u00e4lja just teile sobivaima lahenduse.<\/p>\n<\/div>\n<\/div>\n<\/div>\n<\/div>\n<div class=\"flex min-h-[46px] justify-start\">\n<div class=\"touch:-me-2 touch:-ms-3.5 -ms-2.5 -me-1 flex flex-wrap items-center gap-y-4 p-1 select-none touch:w-[calc(100%+--spacing(3.5))] -mt-1 w-[calc(100%+--spacing(2.5))] duration-[1.5s] focus-within:transition-none hover:transition-none pointer-events-none [mask-image:linear-gradient(to_right,black_33%,transparent_66%)] [mask-size:300%_100%] [mask-position:100%_0%] motion-safe:transition-[mask-position] group-hover\/turn-messages:pointer-events-auto group-hover\/turn-messages:[mask-position:0_0] group-focus-within\/turn-messages:pointer-events-auto group-focus-within\/turn-messages:[mask-position:0_0] has-data-[state=open]:pointer-events-auto has-data-[state=open]:[mask-position:0_0]\">\n<p>\u00a0<\/p>\n<\/div>\n<\/div>\n\t\t\t\t<\/div>\n\t\t\t<\/div><\/div>\t\t\t\t<\/div>\n\t\t\t\t<\/div>\n\t\t\t\t<\/div>\n\t\t<div class=\"elementor-element elementor-element-edb52f5 e-con-full e-flex e-con e-child\" data-id=\"edb52f5\" data-element_type=\"container\" data-e-type=\"container\">\n\t\t\t\t<div class=\"elementor-element elementor-element-c707778 animated-fast elementor-invisible elementor-widget elementor-widget-elementskit-contact-form7\" data-id=\"c707778\" data-element_type=\"widget\" data-e-type=\"widget\" data-settings=\"{&quot;_animation&quot;:&quot;fadeIn&quot;,&quot;_animation_delay&quot;:100,&quot;ekit_we_effect_on&quot;:&quot;none&quot;}\" data-widget_type=\"elementskit-contact-form7.default\">\n\t\t\t\t<div class=\"elementor-widget-container\">\n\t\t\t\t\t<div class=\"ekit-wid-con\" ><div class=\"ekit-form\">\n<div class=\"wpcf7 no-js\" id=\"wpcf7-f10448-p36572-o1\" lang=\"et\" dir=\"ltr\" data-wpcf7-id=\"10448\">\n<div class=\"screen-reader-response\"><p role=\"status\" aria-live=\"polite\" aria-atomic=\"true\"><\/p> <ul><\/ul><\/div>\n<form action=\"\/interior-of-a-barge\/#wpcf7-f10448-p36572-o1\" method=\"post\" class=\"wpcf7-form init\" aria-label=\"Contact form\" novalidate=\"novalidate\" data-status=\"init\">\n<fieldset class=\"hidden-fields-container\"><input type=\"hidden\" name=\"_wpcf7\" value=\"10448\" \/><input type=\"hidden\" name=\"_wpcf7_version\" value=\"6.1.5\" \/><input type=\"hidden\" name=\"_wpcf7_locale\" value=\"et\" \/><input type=\"hidden\" name=\"_wpcf7_unit_tag\" value=\"wpcf7-f10448-p36572-o1\" \/><input type=\"hidden\" name=\"_wpcf7_container_post\" value=\"36572\" \/><input type=\"hidden\" name=\"_wpcf7_posted_data_hash\" value=\"\" \/><input type=\"hidden\" name=\"_wpcf7_recaptcha_response\" value=\"\" \/>\n<\/fieldset>\n<div class=\"keydesign-label\">\n\t<p><label>Telefon<\/label><span class=\"wpcf7-form-control-wrap\" data-name=\"your-subject\"><input size=\"40\" maxlength=\"400\" class=\"wpcf7-form-control wpcf7-text\" aria-invalid=\"false\" value=\"\" type=\"text\" name=\"your-subject\" \/><\/span>\n\t<\/p>\n<\/div>\n<div class=\"keydesign-label\">\n\t<p><label>Email<\/label><span class=\"wpcf7-form-control-wrap\" data-name=\"your-email\"><input size=\"40\" maxlength=\"400\" class=\"wpcf7-form-control wpcf7-email wpcf7-validates-as-required wpcf7-text wpcf7-validates-as-email\" aria-required=\"true\" aria-invalid=\"false\" value=\"\" type=\"email\" name=\"your-email\" \/><\/span>\n\t<\/p>\n<\/div>\n<div class=\"keydesign-label\">\n\t<p><label>Kirjeldage oma ideed<\/label><span class=\"wpcf7-form-control-wrap\" data-name=\"your-message\"><textarea cols=\"40\" rows=\"10\" maxlength=\"2000\" class=\"wpcf7-form-control wpcf7-textarea\" aria-invalid=\"false\" name=\"your-message\"><\/textarea><\/span>\n\t<\/p>\n<\/div>\n<div class=\"form-group\">\n\t<p><label><br \/>\n<input type=\"checkbox\" name=\"privacy\" required \/><br \/>\nMa n\u00f5ustun <a href=\"\/privacy-policy\" target=\"_blank\">privaatsuspoliitikaga<\/a><br \/>\n<\/label>\n\t<\/p>\n<\/div>\n<p><input class=\"wpcf7-form-control wpcf7-submit has-spinner\" type=\"submit\" value=\"K\u00fcsi pakkumist\" \/>\n<\/p><p style=\"display: none !important;\" class=\"akismet-fields-container\" data-prefix=\"_wpcf7_ak_\"><label>&#916;<textarea name=\"_wpcf7_ak_hp_textarea\" cols=\"45\" rows=\"8\" maxlength=\"100\"><\/textarea><\/label><input type=\"hidden\" id=\"ak_js_1\" name=\"_wpcf7_ak_js\" value=\"185\"\/><script>document.getElementById( \"ak_js_1\" ).setAttribute( \"value\", ( new Date() ).getTime() );<\/script><\/p><div class=\"wpcf7-response-output\" aria-hidden=\"true\"><\/div>\n<\/form>\n<\/div>\n<\/div><\/div>\t\t\t\t<\/div>\n\t\t\t\t<\/div>\n\t\t\t\t<\/div>\n\t\t\t\t\t<\/div>\n\t\t\t\t<\/div>\n\t\t\t\t<\/div>\n\t\t\t\t<\/div>\n\t\t","protected":false},"excerpt":{"rendered":"<p>Ainulaadse pargase interj\u00f6\u00f6r Meie pikaajalise partneri BLRT Grupi t\u00fctarettev\u00f5te ehitas ainulaadse pargase kalakasvatuseks, mis on varustatud k\u00f5rgtehnoloogilise h\u00fcbriidse s\u00f6\u00f6dass\u00fcsteemiga. Meie roll selles projektis oli olla allt\u00f6\u00f6v\u00f5tjaks elamis- ja t\u00f6\u00f6ruumide ehitusel ja sisustamisel \u2013 alates sanitaartehnika \u00fchendamisest ja spetsiaalsete sandwich-paneelide paigaldusest kuni pehme- ja korpusm\u00f6\u00f6bli valmistamise ja paigalduseni. Kajutite, puhkeala ja j\u00f5usaali m\u00f6\u00f6bel valmistati tellija individuaalse [&hellip;]<\/p>\n","protected":false},"author":1,"featured_media":0,"parent":0,"menu_order":0,"comment_status":"closed","ping_status":"closed","template":"","meta":{"footnotes":""},"class_list":["post-36572","page","type-page","status-publish","hentry"],"yoast_head":"<!-- This site is optimized with the Yoast SEO plugin v27.3 - https:\/\/yoast.com\/product\/yoast-seo-wordpress\/ -->\n<title>Ainulaadse pargase interj\u00f6\u00f6r - armarium<\/title>\n<meta name=\"robots\" content=\"index, follow, max-snippet:-1, max-image-preview:large, max-video-preview:-1\" \/>\n<link rel=\"canonical\" href=\"https:\/\/armarium.ee\/ru\/interior-of-a-barge\/\" \/>\n<meta property=\"og:locale\" content=\"ru_RU\" \/>\n<meta property=\"og:type\" content=\"article\" \/>\n<meta property=\"og:title\" content=\"Ainulaadse pargase interj\u00f6\u00f6r - armarium\" \/>\n<meta property=\"og:description\" content=\"Ainulaadse pargase interj\u00f6\u00f6r Meie pikaajalise partneri BLRT Grupi t\u00fctarettev\u00f5te ehitas ainulaadse pargase kalakasvatuseks, mis on varustatud k\u00f5rgtehnoloogilise h\u00fcbriidse s\u00f6\u00f6dass\u00fcsteemiga. Meie roll selles projektis oli olla allt\u00f6\u00f6v\u00f5tjaks elamis- ja t\u00f6\u00f6ruumide ehitusel ja sisustamisel \u2013 alates sanitaartehnika \u00fchendamisest ja spetsiaalsete sandwich-paneelide paigaldusest kuni pehme- ja korpusm\u00f6\u00f6bli valmistamise ja paigalduseni. Kajutite, puhkeala ja j\u00f5usaali m\u00f6\u00f6bel valmistati tellija individuaalse [&hellip;]\" \/>\n<meta property=\"og:url\" content=\"https:\/\/armarium.ee\/interior-of-a-barge\/\" \/>\n<meta property=\"og:site_name\" content=\"armarium\" \/>\n<meta property=\"article:modified_time\" content=\"2026-03-12T09:41:35+00:00\" \/>\n<meta property=\"og:image\" content=\"https:\/\/armarium.ee\/wp-content\/uploads\/2025\/06\/boat_04-1024x640-1.jpg\" \/>\n<meta name=\"twitter:card\" content=\"summary_large_image\" \/>\n<meta name=\"twitter:label1\" content=\"\u041f\u0440\u0438\u043c\u0435\u0440\u043d\u043e\u0435 \u0432\u0440\u0435\u043c\u044f \u0434\u043b\u044f \u0447\u0442\u0435\u043d\u0438\u044f\" \/>\n\t<meta name=\"twitter:data1\" content=\"3 \u043c\u0438\u043d\u0443\u0442\u044b\" \/>\n<script type=\"application\/ld+json\" class=\"yoast-schema-graph\">{\"@context\":\"https:\\\/\\\/schema.org\",\"@graph\":[{\"@type\":\"WebPage\",\"@id\":\"https:\\\/\\\/armarium.ee\\\/interior-of-a-barge\\\/\",\"url\":\"https:\\\/\\\/armarium.ee\\\/interior-of-a-barge\\\/\",\"name\":\"Ainulaadse pargase interj\u00f6\u00f6r - armarium\",\"isPartOf\":{\"@id\":\"https:\\\/\\\/armarium.ee\\\/ru\\\/#website\"},\"primaryImageOfPage\":{\"@id\":\"https:\\\/\\\/armarium.ee\\\/interior-of-a-barge\\\/#primaryimage\"},\"image\":{\"@id\":\"https:\\\/\\\/armarium.ee\\\/interior-of-a-barge\\\/#primaryimage\"},\"thumbnailUrl\":\"https:\\\/\\\/armarium.ee\\\/wp-content\\\/uploads\\\/2025\\\/06\\\/boat_04-1024x640-1.jpg\",\"datePublished\":\"2025-06-23T13:59:38+00:00\",\"dateModified\":\"2026-03-12T09:41:35+00:00\",\"breadcrumb\":{\"@id\":\"https:\\\/\\\/armarium.ee\\\/interior-of-a-barge\\\/#breadcrumb\"},\"inLanguage\":\"ru-RU\",\"potentialAction\":[{\"@type\":\"ReadAction\",\"target\":[\"https:\\\/\\\/armarium.ee\\\/interior-of-a-barge\\\/\"]}]},{\"@type\":\"ImageObject\",\"inLanguage\":\"ru-RU\",\"@id\":\"https:\\\/\\\/armarium.ee\\\/interior-of-a-barge\\\/#primaryimage\",\"url\":\"https:\\\/\\\/armarium.ee\\\/wp-content\\\/uploads\\\/2025\\\/06\\\/boat_04-1024x640-1.jpg\",\"contentUrl\":\"https:\\\/\\\/armarium.ee\\\/wp-content\\\/uploads\\\/2025\\\/06\\\/boat_04-1024x640-1.jpg\"},{\"@type\":\"BreadcrumbList\",\"@id\":\"https:\\\/\\\/armarium.ee\\\/interior-of-a-barge\\\/#breadcrumb\",\"itemListElement\":[{\"@type\":\"ListItem\",\"position\":1,\"name\":\"\u0413\u043b\u0430\u0432\u043d\u0430\u044f \u0441\u0442\u0440\u0430\u043d\u0438\u0446\u0430\",\"item\":\"https:\\\/\\\/armarium.ee\\\/ru\\\/\"},{\"@type\":\"ListItem\",\"position\":2,\"name\":\"Ainulaadse pargase interj\u00f6\u00f6r\"}]},{\"@type\":\"WebSite\",\"@id\":\"https:\\\/\\\/armarium.ee\\\/ru\\\/#website\",\"url\":\"https:\\\/\\\/armarium.ee\\\/ru\\\/\",\"name\":\"armarium\",\"description\":\"armarium\",\"publisher\":{\"@id\":\"https:\\\/\\\/armarium.ee\\\/ru\\\/#organization\"},\"potentialAction\":[{\"@type\":\"SearchAction\",\"target\":{\"@type\":\"EntryPoint\",\"urlTemplate\":\"https:\\\/\\\/armarium.ee\\\/ru\\\/?s={search_term_string}\"},\"query-input\":{\"@type\":\"PropertyValueSpecification\",\"valueRequired\":true,\"valueName\":\"search_term_string\"}}],\"inLanguage\":\"ru-RU\"},{\"@type\":\"Organization\",\"@id\":\"https:\\\/\\\/armarium.ee\\\/ru\\\/#organization\",\"name\":\"Licensium\",\"url\":\"https:\\\/\\\/armarium.ee\\\/ru\\\/\",\"logo\":{\"@type\":\"ImageObject\",\"inLanguage\":\"ru-RU\",\"@id\":\"https:\\\/\\\/armarium.ee\\\/ru\\\/#\\\/schema\\\/logo\\\/image\\\/\",\"url\":\"https:\\\/\\\/armarium.ee\\\/wp-content\\\/uploads\\\/2023\\\/11\\\/logo-dark.png\",\"contentUrl\":\"https:\\\/\\\/armarium.ee\\\/wp-content\\\/uploads\\\/2023\\\/11\\\/logo-dark.png\",\"width\":710,\"height\":255,\"caption\":\"Licensium\"},\"image\":{\"@id\":\"https:\\\/\\\/armarium.ee\\\/ru\\\/#\\\/schema\\\/logo\\\/image\\\/\"}}]}<\/script>\n<!-- \/ Yoast SEO plugin. -->","yoast_head_json":{"title":"Ainulaadse pargase interj\u00f6\u00f6r - armarium","robots":{"index":"index","follow":"follow","max-snippet":"max-snippet:-1","max-image-preview":"max-image-preview:large","max-video-preview":"max-video-preview:-1"},"canonical":"https:\/\/armarium.ee\/ru\/interior-of-a-barge\/","og_locale":"ru_RU","og_type":"article","og_title":"Ainulaadse pargase interj\u00f6\u00f6r - armarium","og_description":"Ainulaadse pargase interj\u00f6\u00f6r Meie pikaajalise partneri BLRT Grupi t\u00fctarettev\u00f5te ehitas ainulaadse pargase kalakasvatuseks, mis on varustatud k\u00f5rgtehnoloogilise h\u00fcbriidse s\u00f6\u00f6dass\u00fcsteemiga. Meie roll selles projektis oli olla allt\u00f6\u00f6v\u00f5tjaks elamis- ja t\u00f6\u00f6ruumide ehitusel ja sisustamisel \u2013 alates sanitaartehnika \u00fchendamisest ja spetsiaalsete sandwich-paneelide paigaldusest kuni pehme- ja korpusm\u00f6\u00f6bli valmistamise ja paigalduseni. Kajutite, puhkeala ja j\u00f5usaali m\u00f6\u00f6bel valmistati tellija individuaalse [&hellip;]","og_url":"https:\/\/armarium.ee\/interior-of-a-barge\/","og_site_name":"armarium","article_modified_time":"2026-03-12T09:41:35+00:00","og_image":[{"url":"https:\/\/armarium.ee\/wp-content\/uploads\/2025\/06\/boat_04-1024x640-1.jpg","type":"","width":"","height":""}],"twitter_card":"summary_large_image","twitter_misc":{"\u041f\u0440\u0438\u043c\u0435\u0440\u043d\u043e\u0435 \u0432\u0440\u0435\u043c\u044f \u0434\u043b\u044f \u0447\u0442\u0435\u043d\u0438\u044f":"3 \u043c\u0438\u043d\u0443\u0442\u044b"},"schema":{"@context":"https:\/\/schema.org","@graph":[{"@type":"WebPage","@id":"https:\/\/armarium.ee\/interior-of-a-barge\/","url":"https:\/\/armarium.ee\/interior-of-a-barge\/","name":"Ainulaadse pargase interj\u00f6\u00f6r - armarium","isPartOf":{"@id":"https:\/\/armarium.ee\/ru\/#website"},"primaryImageOfPage":{"@id":"https:\/\/armarium.ee\/interior-of-a-barge\/#primaryimage"},"image":{"@id":"https:\/\/armarium.ee\/interior-of-a-barge\/#primaryimage"},"thumbnailUrl":"https:\/\/armarium.ee\/wp-content\/uploads\/2025\/06\/boat_04-1024x640-1.jpg","datePublished":"2025-06-23T13:59:38+00:00","dateModified":"2026-03-12T09:41:35+00:00","breadcrumb":{"@id":"https:\/\/armarium.ee\/interior-of-a-barge\/#breadcrumb"},"inLanguage":"ru-RU","potentialAction":[{"@type":"ReadAction","target":["https:\/\/armarium.ee\/interior-of-a-barge\/"]}]},{"@type":"ImageObject","inLanguage":"ru-RU","@id":"https:\/\/armarium.ee\/interior-of-a-barge\/#primaryimage","url":"https:\/\/armarium.ee\/wp-content\/uploads\/2025\/06\/boat_04-1024x640-1.jpg","contentUrl":"https:\/\/armarium.ee\/wp-content\/uploads\/2025\/06\/boat_04-1024x640-1.jpg"},{"@type":"BreadcrumbList","@id":"https:\/\/armarium.ee\/interior-of-a-barge\/#breadcrumb","itemListElement":[{"@type":"ListItem","position":1,"name":"\u0413\u043b\u0430\u0432\u043d\u0430\u044f \u0441\u0442\u0440\u0430\u043d\u0438\u0446\u0430","item":"https:\/\/armarium.ee\/ru\/"},{"@type":"ListItem","position":2,"name":"Ainulaadse pargase interj\u00f6\u00f6r"}]},{"@type":"WebSite","@id":"https:\/\/armarium.ee\/ru\/#website","url":"https:\/\/armarium.ee\/ru\/","name":"armarium","description":"armarium","publisher":{"@id":"https:\/\/armarium.ee\/ru\/#organization"},"potentialAction":[{"@type":"SearchAction","target":{"@type":"EntryPoint","urlTemplate":"https:\/\/armarium.ee\/ru\/?s={search_term_string}"},"query-input":{"@type":"PropertyValueSpecification","valueRequired":true,"valueName":"search_term_string"}}],"inLanguage":"ru-RU"},{"@type":"Organization","@id":"https:\/\/armarium.ee\/ru\/#organization","name":"Licensium","url":"https:\/\/armarium.ee\/ru\/","logo":{"@type":"ImageObject","inLanguage":"ru-RU","@id":"https:\/\/armarium.ee\/ru\/#\/schema\/logo\/image\/","url":"https:\/\/armarium.ee\/wp-content\/uploads\/2023\/11\/logo-dark.png","contentUrl":"https:\/\/armarium.ee\/wp-content\/uploads\/2023\/11\/logo-dark.png","width":710,"height":255,"caption":"Licensium"},"image":{"@id":"https:\/\/armarium.ee\/ru\/#\/schema\/logo\/image\/"}}]}},"_links":{"self":[{"href":"https:\/\/armarium.ee\/ru\/wp-json\/wp\/v2\/pages\/36572","targetHints":{"allow":["GET"]}}],"collection":[{"href":"https:\/\/armarium.ee\/ru\/wp-json\/wp\/v2\/pages"}],"about":[{"href":"https:\/\/armarium.ee\/ru\/wp-json\/wp\/v2\/types\/page"}],"author":[{"embeddable":true,"href":"https:\/\/armarium.ee\/ru\/wp-json\/wp\/v2\/users\/1"}],"replies":[{"embeddable":true,"href":"https:\/\/armarium.ee\/ru\/wp-json\/wp\/v2\/comments?post=36572"}],"version-history":[{"count":0,"href":"https:\/\/armarium.ee\/ru\/wp-json\/wp\/v2\/pages\/36572\/revisions"}],"wp:attachment":[{"href":"https:\/\/armarium.ee\/ru\/wp-json\/wp\/v2\/media?parent=36572"}],"curies":[{"name":"wp","href":"https:\/\/api.w.org\/{rel}","templated":true}]}}